{"id":2249,"date":"2026-02-08T12:22:20","date_gmt":"2026-02-08T12:22:20","guid":{"rendered":"https:\/\/klarum24.de\/?page_id=2249"},"modified":"2026-02-13T10:07:30","modified_gmt":"2026-02-13T10:07:30","slug":"clearance-after-death","status":"publish","type":"page","link":"https:\/\/klarum24.de\/en\/clearance-after-death\/","title":{"rendered":"Haushaltsaufl\u00f6sung nach Todesfall"},"content":{"rendered":"<div data-elementor-type=\"wp-page\" data-elementor-id=\"2249\" class=\"elementor elementor-2249\">\n\t\t\t\t<div class=\"elementor-element elementor-element-8c6c6ca e-grid e-con-boxed e-con e-parent\" data-id=\"8c6c6ca\" data-element_type=\"container\" data-e-type=\"container\" data-settings=\"{&quot;background_background&quot;:&quot;slideshow&quot;,&quot;background_slideshow_gallery&quot;:[],&quot;background_slideshow_loop&quot;:&quot;yes&quot;,&quot;background_slideshow_slide_duration&quot;:5000,&quot;background_slideshow_slide_transition&quot;:&quot;fade&quot;,&quot;background_slideshow_transition_duration&quot;:500}\">\n\t\t\t\t\t<div class=\"e-con-inner\">\n\t\t\t\t<div class=\"elementor-element elementor-element-9d20cf8 elementor-widget elementor-widget-image\" data-id=\"9d20cf8\" data-element_type=\"widget\" data-e-type=\"widget\" data-widget_type=\"image.default\">\n\t\t\t\t<div class=\"elementor-widget-container\">\n\t\t\t\t\t\t\t\t\t\t\t\t\t\t\t<img fetchpriority=\"high\" decoding=\"async\" width=\"1024\" height=\"683\" src=\"https:\/\/klarum24.de\/wp-content\/uploads\/2026\/02\/pexels-photo-8963686-8963686-1024x683.jpg\" class=\"attachment-large size-large wp-image-2396\" alt=\"A person placing white lilies on a tombstone in memory of a loved one.\" srcset=\"https:\/\/klarum24.de\/wp-content\/uploads\/2026\/02\/pexels-photo-8963686-8963686-1024x683.jpg 1024w, https:\/\/klarum24.de\/wp-content\/uploads\/2026\/02\/pexels-photo-8963686-8963686-300x200.jpg 300w, https:\/\/klarum24.de\/wp-content\/uploads\/2026\/02\/pexels-photo-8963686-8963686-768x513.jpg 768w, https:\/\/klarum24.de\/wp-content\/uploads\/2026\/02\/pexels-photo-8963686-8963686-1536x1025.jpg 1536w, https:\/\/klarum24.de\/wp-content\/uploads\/2026\/02\/pexels-photo-8963686-8963686-2048x1367.jpg 2048w, https:\/\/klarum24.de\/wp-content\/uploads\/2026\/02\/pexels-photo-8963686-8963686-18x12.jpg 18w\" sizes=\"(max-width: 1024px) 100vw, 1024px\" title=\"Haushaltsaufl\u00f6sung nach Todesfall\">\t\t\t\t\t\t\t\t\t\t\t\t\t\t\t<\/div>\n\t\t\t\t<\/div>\n\t\t\t\t<div class=\"elementor-element elementor-element-5388ef91 elementor-widget elementor-widget-text-editor\" data-id=\"5388ef91\" data-element_type=\"widget\" data-e-type=\"widget\" data-widget_type=\"text-editor.default\">\n\t\t\t\t<div class=\"elementor-widget-container\">\n\t\t\t\t\t\t\t\t\t<h3><span style=\"color: #174216;\"><strong>Respectful <\/strong><\/span><strong>and<\/strong><span style=\"color: #174216;\"><strong> discreet clearance<\/strong><\/span><\/h3><p><strong>Respectful and discreet clearance after bereavement<\/strong><\/p><p data-start=\"353\" data-end=\"506\">Clearing a home after a loss is never just a practical task.<br data-start=\"428\" data-end=\"431\" \/>It requires sensitivity, trust, and time.<\/p><p data-start=\"508\" data-end=\"793\">We support families, relatives, and executors during difficult moments by handling estate and household clearances with respect, discretion, and calm professionalism. Our role is to reduce the burden and bring structure into an otherwise overwhelming situation.<\/p><p data-start=\"795\" data-end=\"1057\">Personal belongings are carefully sorted, household contents are removed responsibly, and reuse or disposal is coordinated according to your wishes.\n\nNothing is rushed. You decide what matters. We take care of everything else.<\/p><p data-start=\"1059\" data-end=\"1227\">Where possible, reusable items can help reduce overall costs. Personal and emotionally significant belongings are always treated with particular care and attention.<\/p>\t\t\t\t\t\t\t\t<\/div>\n\t\t\t\t<\/div>\n\t\t\t\t\t<\/div>\n\t\t\t\t<\/div>\n\t\t<div class=\"elementor-element elementor-element-028c943 e-flex e-con-boxed e-con e-parent\" data-id=\"028c943\" data-element_type=\"container\" data-e-type=\"container\">\n\t\t\t\t\t<div class=\"e-con-inner\">\n\t\t\t\t<div class=\"elementor-element elementor-element-f6934a2 elementor-align-left elementor-mobile-align-center elementor-widget elementor-widget-button\" data-id=\"f6934a2\" data-element_type=\"widget\" data-e-type=\"widget\" data-widget_type=\"button.default\">\n\t\t\t\t<div class=\"elementor-widget-container\">\n\t\t\t\t\t\t\t\t\t<div class=\"elementor-button-wrapper\">\n\t\t\t\t\t<a class=\"elementor-button elementor-button-link elementor-size-sm\" href=\"https:\/\/klarum24.de\/en\/contact-form\/\">\n\t\t\t\t\t\t<span class=\"elementor-button-content-wrapper\">\n\t\t\t\t\t\t\t\t\t<span class=\"elementor-button-text\">Get a Free Quote<\/span>\n\t\t\t\t\t<\/span>\n\t\t\t\t\t<\/a>\n\t\t\t\t<\/div>\n\t\t\t\t\t\t\t\t<\/div>\n\t\t\t\t<\/div>\n\t\t\t\t\t<\/div>\n\t\t\t\t<\/div>\n\t\t\t\t<\/div>","protected":false},"excerpt":{"rendered":"<p>Respektvolle und diskrete Nachlassaufl\u00f6sung Respektvolle und diskrete R\u00e4umung nach einem Todesfall Eine R\u00e4umung nach einem Verlust ist mehr als eine organisatorische Aufgabe.Sie erfordert Vertrauen, Zeit und einen sensiblen Umgang mit der Situation. Wir begleiten Angeh\u00f6rige, Familien und Nachlassverwalter in schwierigen Momenten und \u00fcbernehmen Nachlassr\u00e4umungen und Wohnungsaufl\u00f6sungen mit Respekt, Diskretion und ruhiger Professionalit\u00e4t. Unser Ziel ist [&hellip;]<\/p>\n","protected":false},"author":1,"featured_media":0,"parent":0,"menu_order":0,"comment_status":"closed","ping_status":"closed","template":"","meta":{"site-sidebar-layout":"no-sidebar","site-content-layout":"page-builder","ast-site-content-layout":"full-width-container","site-content-style":"default","site-sidebar-style":"default","ast-global-header-display":"","ast-banner-title-visibility":"","ast-main-header-display":"","ast-hfb-above-header-display":"","ast-hfb-below-header-display":"","ast-hfb-mobile-header-display":"","site-post-title":"disabled","ast-breadcrumbs-content":"","ast-featured-img":"disabled","footer-sml-layout":"","ast-disable-related-posts":"","theme-transparent-header-meta":"","adv-header-id-meta":"","stick-header-meta":"","header-above-stick-meta":"","header-main-stick-meta":"","header-below-stick-meta":"","astra-migrate-meta-layouts":"default","ast-page-background-enabled":"default","ast-page-background-meta":{"desktop":{"background-color":"var(--ast-global-color-4)","background-image":"","background-repeat":"repeat","background-position":"center center","background-size":"auto","background-attachment":"scroll","background-type":"","background-media":"","overlay-type":"","overlay-color":"","overlay-opacity":"","overlay-gradient":""},"tablet":{"background-color":"","background-image":"","background-repeat":"repeat","background-position":"center center","background-size":"auto","background-attachment":"scroll","background-type":"","background-media":"","overlay-type":"","overlay-color":"","overlay-opacity":"","overlay-gradient":""},"mobile":{"background-color":"","background-image":"","background-repeat":"repeat","background-position":"center center","background-size":"auto","background-attachment":"scroll","background-type":"","background-media":"","overlay-type":"","overlay-color":"","overlay-opacity":"","overlay-gradient":""}},"ast-content-background-meta":{"desktop":{"background-color":"var(--ast-global-color-5)","background-image":"","background-repeat":"repeat","background-position":"center center","background-size":"auto","background-attachment":"scroll","background-type":"","background-media":"","overlay-type":"","overlay-color":"","overlay-opacity":"","overlay-gradient":""},"tablet":{"background-color":"var(--ast-global-color-5)","background-image":"","background-repeat":"repeat","background-position":"center center","background-size":"auto","background-attachment":"scroll","background-type":"","background-media":"","overlay-type":"","overlay-color":"","overlay-opacity":"","overlay-gradient":""},"mobile":{"background-color":"var(--ast-global-color-5)","background-image":"","background-repeat":"repeat","background-position":"center center","background-size":"auto","background-attachment":"scroll","background-type":"","background-media":"","overlay-type":"","overlay-color":"","overlay-opacity":"","overlay-gradient":""}},"footnotes":""},"class_list":["post-2249","page","type-page","status-publish","hentry"],"_links":{"self":[{"href":"https:\/\/klarum24.de\/en\/wp-json\/wp\/v2\/pages\/2249","targetHints":{"allow":["GET"]}}],"collection":[{"href":"https:\/\/klarum24.de\/en\/wp-json\/wp\/v2\/pages"}],"about":[{"href":"https:\/\/klarum24.de\/en\/wp-json\/wp\/v2\/types\/page"}],"author":[{"embeddable":true,"href":"https:\/\/klarum24.de\/en\/wp-json\/wp\/v2\/users\/1"}],"replies":[{"embeddable":true,"href":"https:\/\/klarum24.de\/en\/wp-json\/wp\/v2\/comments?post=2249"}],"version-history":[{"count":76,"href":"https:\/\/klarum24.de\/en\/wp-json\/wp\/v2\/pages\/2249\/revisions"}],"predecessor-version":[{"id":2693,"href":"https:\/\/klarum24.de\/en\/wp-json\/wp\/v2\/pages\/2249\/revisions\/2693"}],"wp:attachment":[{"href":"https:\/\/klarum24.de\/en\/wp-json\/wp\/v2\/media?parent=2249"}],"curies":[{"name":"wp","href":"https:\/\/api.w.org\/{rel}","templated":true}]}}