{"id":2259,"date":"2026-02-08T12:27:34","date_gmt":"2026-02-08T12:27:34","guid":{"rendered":"https:\/\/klarum24.de\/?page_id=2259"},"modified":"2026-02-13T10:09:13","modified_gmt":"2026-02-13T10:09:13","slug":"business-clearance","status":"publish","type":"page","link":"https:\/\/klarum24.de\/en\/business-clearance\/","title":{"rendered":"Gewerbliche R\u00e4umung"},"content":{"rendered":"<div data-elementor-type=\"wp-page\" data-elementor-id=\"2259\" class=\"elementor elementor-2259\">\n\t\t\t\t<div class=\"elementor-element elementor-element-5022032c e-grid e-con-boxed e-con e-parent\" data-id=\"5022032c\" data-element_type=\"container\" data-e-type=\"container\">\n\t\t\t\t\t<div class=\"e-con-inner\">\n\t\t\t\t<div class=\"elementor-element elementor-element-4eb187eb elementor-widget elementor-widget-image\" data-id=\"4eb187eb\" data-element_type=\"widget\" data-e-type=\"widget\" data-widget_type=\"image.default\">\n\t\t\t\t<div class=\"elementor-widget-container\">\n\t\t\t\t\t\t\t\t\t\t\t\t\t\t\t<img fetchpriority=\"high\" decoding=\"async\" width=\"1024\" height=\"1024\" src=\"https:\/\/klarum24.de\/wp-content\/uploads\/2026\/02\/Black-Dark-Elegant-Stylish-Images-Instagram-Post-4-Picsart-AiImageEnhancer-2-1024x1024.png\" class=\"attachment-large size-large wp-image-2151\" alt=\"black dark elegant stylish images instagram post (4) picsart aiimageenhancer\" srcset=\"https:\/\/klarum24.de\/wp-content\/uploads\/2026\/02\/Black-Dark-Elegant-Stylish-Images-Instagram-Post-4-Picsart-AiImageEnhancer-2-1024x1024.png 1024w, https:\/\/klarum24.de\/wp-content\/uploads\/2026\/02\/Black-Dark-Elegant-Stylish-Images-Instagram-Post-4-Picsart-AiImageEnhancer-2-300x300.png 300w, https:\/\/klarum24.de\/wp-content\/uploads\/2026\/02\/Black-Dark-Elegant-Stylish-Images-Instagram-Post-4-Picsart-AiImageEnhancer-2-150x150.png 150w, https:\/\/klarum24.de\/wp-content\/uploads\/2026\/02\/Black-Dark-Elegant-Stylish-Images-Instagram-Post-4-Picsart-AiImageEnhancer-2-768x768.png 768w, https:\/\/klarum24.de\/wp-content\/uploads\/2026\/02\/Black-Dark-Elegant-Stylish-Images-Instagram-Post-4-Picsart-AiImageEnhancer-2-1536x1536.png 1536w, https:\/\/klarum24.de\/wp-content\/uploads\/2026\/02\/Black-Dark-Elegant-Stylish-Images-Instagram-Post-4-Picsart-AiImageEnhancer-2-2048x2048.png 2048w\" sizes=\"(max-width: 1024px) 100vw, 1024px\" title=\"Gewerbliche R\u00e4umung\">\t\t\t\t\t\t\t\t\t\t\t\t\t\t\t<\/div>\n\t\t\t\t<\/div>\n\t\t\t\t<div class=\"elementor-element elementor-element-769c0045 elementor-widget elementor-widget-text-editor\" data-id=\"769c0045\" data-element_type=\"widget\" data-e-type=\"widget\" data-widget_type=\"text-editor.default\">\n\t\t\t\t<div class=\"elementor-widget-container\">\n\t\t\t\t\t\t\t\t\t<h3><span style=\"color: #174216;\">Business Clearance<\/span><\/h3><p data-start=\"223\" data-end=\"304\"><strong data-start=\"231\" data-end=\"304\">Professional clearance for offices, shops, and commercial spaces<\/strong><\/p><p data-start=\"306\" data-end=\"603\">We offer structured business clearance for offices, retail spaces, warehouses, and commercial properties. Whether you are relocating, downsizing, closing a business, or preparing a space for handover, we ensure a smooth and efficient process.<\/p><p data-start=\"605\" data-end=\"881\">Office furniture, equipment, files, and materials are removed professionally and in compliance with disposal regulations. Reusable furniture or equipment can help offset costs and reduce waste.<\/p><p data-start=\"883\" data-end=\"1062\">We work discreetly and on schedule to minimize disruption to your operations or property handover timelines.<\/p>\t\t\t\t\t\t\t\t<\/div>\n\t\t\t\t<\/div>\n\t\t\t\t\t<\/div>\n\t\t\t\t<\/div>\n\t\t<div class=\"elementor-element elementor-element-c3d68f2 e-flex e-con-boxed e-con e-parent\" data-id=\"c3d68f2\" data-element_type=\"container\" data-e-type=\"container\">\n\t\t\t\t\t<div class=\"e-con-inner\">\n\t\t\t\t<div class=\"elementor-element elementor-element-72a19d7 elementor-widget elementor-widget-button\" data-id=\"72a19d7\" data-element_type=\"widget\" data-e-type=\"widget\" data-widget_type=\"button.default\">\n\t\t\t\t<div class=\"elementor-widget-container\">\n\t\t\t\t\t\t\t\t\t<div class=\"elementor-button-wrapper\">\n\t\t\t\t\t<a class=\"elementor-button elementor-button-link elementor-size-sm\" href=\"https:\/\/klarum24.de\/en\/contact-form\/\">\n\t\t\t\t\t\t<span class=\"elementor-button-content-wrapper\">\n\t\t\t\t\t\t\t\t\t<span class=\"elementor-button-text\">Get a Free Quote<\/span>\n\t\t\t\t\t<\/span>\n\t\t\t\t\t<\/a>\n\t\t\t\t<\/div>\n\t\t\t\t\t\t\t\t<\/div>\n\t\t\t\t<\/div>\n\t\t\t\t\t<\/div>\n\t\t\t\t<\/div>\n\t\t\t\t<\/div>","protected":false},"excerpt":{"rendered":"<p>Gewerbliche R\u00e4umungen Professionelle Gewerber\u00e4umung f\u00fcr B\u00fcros, Gesch\u00e4fte und Gewerbefl\u00e4chen Wir bieten strukturierte und zuverl\u00e4ssige Gewerber\u00e4umungen f\u00fcr B\u00fcros, Ladenfl\u00e4chen, Lagerhallen und andere gewerblich genutzte Immobilien. Ob Umzug, Verkleinerung, Gesch\u00e4ftsaufgabe oder die Vorbereitung einer Fl\u00e4che zur \u00dcbergabe wir sorgen f\u00fcr einen reibungslosen und effizienten Ablauf. B\u00fcrom\u00f6bel, technische Ausstattung, Akten und Materialien werden fachgerecht, professionell und gem\u00e4\u00df den [&hellip;]<\/p>\n","protected":false},"author":1,"featured_media":0,"parent":0,"menu_order":0,"comment_status":"closed","ping_status":"closed","template":"","meta":{"site-sidebar-layout":"no-sidebar","site-content-layout":"page-builder","ast-site-content-layout":"full-width-container","site-content-style":"default","site-sidebar-style":"default","ast-global-header-display":"","ast-banner-title-visibility":"","ast-main-header-display":"","ast-hfb-above-header-display":"","ast-hfb-below-header-display":"","ast-hfb-mobile-header-display":"","site-post-title":"disabled","ast-breadcrumbs-content":"","ast-featured-img":"disabled","footer-sml-layout":"","ast-disable-related-posts":"","theme-transparent-header-meta":"","adv-header-id-meta":"","stick-header-meta":"","header-above-stick-meta":"","header-main-stick-meta":"","header-below-stick-meta":"","astra-migrate-meta-layouts":"default","ast-page-background-enabled":"default","ast-page-background-meta":{"desktop":{"background-color":"var(--ast-global-color-4)","background-image":"","background-repeat":"repeat","background-position":"center center","background-size":"auto","background-attachment":"scroll","background-type":"","background-media":"","overlay-type":"","overlay-color":"","overlay-opacity":"","overlay-gradient":""},"tablet":{"background-color":"","background-image":"","background-repeat":"repeat","background-position":"center center","background-size":"auto","background-attachment":"scroll","background-type":"","background-media":"","overlay-type":"","overlay-color":"","overlay-opacity":"","overlay-gradient":""},"mobile":{"background-color":"","background-image":"","background-repeat":"repeat","background-position":"center center","background-size":"auto","background-attachment":"scroll","background-type":"","background-media":"","overlay-type":"","overlay-color":"","overlay-opacity":"","overlay-gradient":""}},"ast-content-background-meta":{"desktop":{"background-color":"var(--ast-global-color-5)","background-image":"","background-repeat":"repeat","background-position":"center center","background-size":"auto","background-attachment":"scroll","background-type":"","background-media":"","overlay-type":"","overlay-color":"","overlay-opacity":"","overlay-gradient":""},"tablet":{"background-color":"var(--ast-global-color-5)","background-image":"","background-repeat":"repeat","background-position":"center center","background-size":"auto","background-attachment":"scroll","background-type":"","background-media":"","overlay-type":"","overlay-color":"","overlay-opacity":"","overlay-gradient":""},"mobile":{"background-color":"var(--ast-global-color-5)","background-image":"","background-repeat":"repeat","background-position":"center center","background-size":"auto","background-attachment":"scroll","background-type":"","background-media":"","overlay-type":"","overlay-color":"","overlay-opacity":"","overlay-gradient":""}},"footnotes":""},"class_list":["post-2259","page","type-page","status-publish","hentry"],"_links":{"self":[{"href":"https:\/\/klarum24.de\/en\/wp-json\/wp\/v2\/pages\/2259","targetHints":{"allow":["GET"]}}],"collection":[{"href":"https:\/\/klarum24.de\/en\/wp-json\/wp\/v2\/pages"}],"about":[{"href":"https:\/\/klarum24.de\/en\/wp-json\/wp\/v2\/types\/page"}],"author":[{"embeddable":true,"href":"https:\/\/klarum24.de\/en\/wp-json\/wp\/v2\/users\/1"}],"replies":[{"embeddable":true,"href":"https:\/\/klarum24.de\/en\/wp-json\/wp\/v2\/comments?post=2259"}],"version-history":[{"count":31,"href":"https:\/\/klarum24.de\/en\/wp-json\/wp\/v2\/pages\/2259\/revisions"}],"predecessor-version":[{"id":2696,"href":"https:\/\/klarum24.de\/en\/wp-json\/wp\/v2\/pages\/2259\/revisions\/2696"}],"wp:attachment":[{"href":"https:\/\/klarum24.de\/en\/wp-json\/wp\/v2\/media?parent=2259"}],"curies":[{"name":"wp","href":"https:\/\/api.w.org\/{rel}","templated":true}]}}