{"id":2264,"date":"2026-02-08T12:30:45","date_gmt":"2026-02-08T12:30:45","guid":{"rendered":"https:\/\/klarum24.de\/?page_id=2264"},"modified":"2026-02-13T10:14:54","modified_gmt":"2026-02-13T10:14:54","slug":"waste-debris-removal","status":"publish","type":"page","link":"https:\/\/klarum24.de\/en\/waste-debris-removal\/","title":{"rendered":"Entsorgung &amp; Sperrm\u00fcll"},"content":{"rendered":"<div data-elementor-type=\"wp-page\" data-elementor-id=\"2264\" class=\"elementor elementor-2264\">\n\t\t\t\t<div class=\"elementor-element elementor-element-24519231 e-grid e-con-boxed e-con e-parent\" data-id=\"24519231\" data-element_type=\"container\" data-e-type=\"container\" data-settings=\"{&quot;background_background&quot;:&quot;slideshow&quot;,&quot;background_slideshow_gallery&quot;:[],&quot;background_slideshow_loop&quot;:&quot;yes&quot;,&quot;background_slideshow_slide_duration&quot;:5000,&quot;background_slideshow_slide_transition&quot;:&quot;fade&quot;,&quot;background_slideshow_transition_duration&quot;:500}\">\n\t\t\t\t\t<div class=\"e-con-inner\">\n\t\t\t\t<div class=\"elementor-element elementor-element-d3e8fec elementor-widget elementor-widget-image\" data-id=\"d3e8fec\" data-element_type=\"widget\" data-e-type=\"widget\" data-widget_type=\"image.default\">\n\t\t\t\t<div class=\"elementor-widget-container\">\n\t\t\t\t\t\t\t\t\t\t\t\t\t\t\t<img fetchpriority=\"high\" decoding=\"async\" width=\"2160\" height=\"2160\" src=\"https:\/\/klarum24.de\/wp-content\/uploads\/2026\/02\/Black-Dark-Elegant-Stylish-Images-Instagram-Post-2-Picsart-AiImageEnhancer-1.png\" class=\"attachment-full size-full wp-image-2149\" alt=\"black dark elegant stylish images instagram post (2) picsart aiimageenhancer\" srcset=\"https:\/\/klarum24.de\/wp-content\/uploads\/2026\/02\/Black-Dark-Elegant-Stylish-Images-Instagram-Post-2-Picsart-AiImageEnhancer-1.png 2160w, https:\/\/klarum24.de\/wp-content\/uploads\/2026\/02\/Black-Dark-Elegant-Stylish-Images-Instagram-Post-2-Picsart-AiImageEnhancer-1-300x300.png 300w, https:\/\/klarum24.de\/wp-content\/uploads\/2026\/02\/Black-Dark-Elegant-Stylish-Images-Instagram-Post-2-Picsart-AiImageEnhancer-1-1024x1024.png 1024w, https:\/\/klarum24.de\/wp-content\/uploads\/2026\/02\/Black-Dark-Elegant-Stylish-Images-Instagram-Post-2-Picsart-AiImageEnhancer-1-150x150.png 150w, https:\/\/klarum24.de\/wp-content\/uploads\/2026\/02\/Black-Dark-Elegant-Stylish-Images-Instagram-Post-2-Picsart-AiImageEnhancer-1-768x768.png 768w, https:\/\/klarum24.de\/wp-content\/uploads\/2026\/02\/Black-Dark-Elegant-Stylish-Images-Instagram-Post-2-Picsart-AiImageEnhancer-1-1536x1536.png 1536w, https:\/\/klarum24.de\/wp-content\/uploads\/2026\/02\/Black-Dark-Elegant-Stylish-Images-Instagram-Post-2-Picsart-AiImageEnhancer-1-2048x2048.png 2048w\" sizes=\"(max-width: 2160px) 100vw, 2160px\" title=\"Waste &amp; Debris Removal\">\t\t\t\t\t\t\t\t\t\t\t\t\t\t\t<\/div>\n\t\t\t\t<\/div>\n\t\t\t\t<div class=\"elementor-element elementor-element-40136c21 elementor-widget elementor-widget-text-editor\" data-id=\"40136c21\" data-element_type=\"widget\" data-e-type=\"widget\" data-widget_type=\"text-editor.default\">\n\t\t\t\t<div class=\"elementor-widget-container\">\n\t\t\t\t\t\t\t\t\t<h3 data-start=\"207\" data-end=\"278\"><span style=\"color: #174216;\"><strong data-start=\"215\" data-end=\"278\">Efficient removal of waste, bulky items, and debris<\/strong><\/span><\/h3><p data-start=\"280\" data-end=\"599\">We handle waste and debris removal for households and businesses, including bulky furniture, renovation waste, and general unwanted materials. Everything is sorted and disposed of properly in accordance with local regulations.<\/p><p data-start=\"601\" data-end=\"864\">Where possible, reusable or recyclable materials are separated to reduce disposal costs and environmental impact. This ensures a responsible and cost-effective solution without unnecessary delays.<\/p>\t\t\t\t\t\t\t\t<\/div>\n\t\t\t\t<\/div>\n\t\t\t\t\t<\/div>\n\t\t\t\t<\/div>\n\t\t<div class=\"elementor-element elementor-element-5cc03de e-flex e-con-boxed e-con e-parent\" data-id=\"5cc03de\" data-element_type=\"container\" data-e-type=\"container\">\n\t\t\t\t\t<div class=\"e-con-inner\">\n\t\t\t\t<div class=\"elementor-element elementor-element-7678922 elementor-widget elementor-widget-button\" data-id=\"7678922\" data-element_type=\"widget\" data-e-type=\"widget\" data-widget_type=\"button.default\">\n\t\t\t\t<div class=\"elementor-widget-container\">\n\t\t\t\t\t\t\t\t\t<div class=\"elementor-button-wrapper\">\n\t\t\t\t\t<a class=\"elementor-button elementor-button-link elementor-size-sm\" href=\"https:\/\/klarum24.de\/en\/contact-form\/\">\n\t\t\t\t\t\t<span class=\"elementor-button-content-wrapper\">\n\t\t\t\t\t\t\t\t\t<span class=\"elementor-button-text\">Get a Free Quote<\/span>\n\t\t\t\t\t<\/span>\n\t\t\t\t\t<\/a>\n\t\t\t\t<\/div>\n\t\t\t\t\t\t\t\t<\/div>\n\t\t\t\t<\/div>\n\t\t\t\t\t<\/div>\n\t\t\t\t<\/div>\n\t\t\t\t<\/div>","protected":false},"excerpt":{"rendered":"<p>Effiziente Entsorgung von Abf\u00e4llen, Sperrm\u00fcll und Bauschutt Wir \u00fcbernehmen die fachgerechte Entsorgung von Abf\u00e4llen und Sperrm\u00fcll f\u00fcr private Haushalte und Unternehmen\u00a0 einschlie\u00dflich sperriger M\u00f6bel, Renovierungsabf\u00e4lle, Bauschutt und sonstiger unerw\u00fcnschter Materialien. Alle Inhalte werden sortiert und ordnungsgem\u00e4\u00df gem\u00e4\u00df den geltenden lokalen Vorschriften entsorgt. Wo m\u00f6glich, trennen wir wiederverwendbare oder recycelbare Materialien, um Entsorgungskosten zu senken und [&hellip;]<\/p>\n","protected":false},"author":1,"featured_media":0,"parent":0,"menu_order":0,"comment_status":"closed","ping_status":"closed","template":"","meta":{"site-sidebar-layout":"no-sidebar","site-content-layout":"page-builder","ast-site-content-layout":"full-width-container","site-content-style":"default","site-sidebar-style":"default","ast-global-header-display":"","ast-banner-title-visibility":"","ast-main-header-display":"","ast-hfb-above-header-display":"","ast-hfb-below-header-display":"","ast-hfb-mobile-header-display":"","site-post-title":"disabled","ast-breadcrumbs-content":"","ast-featured-img":"disabled","footer-sml-layout":"","ast-disable-related-posts":"","theme-transparent-header-meta":"","adv-header-id-meta":"","stick-header-meta":"","header-above-stick-meta":"","header-main-stick-meta":"","header-below-stick-meta":"","astra-migrate-meta-layouts":"default","ast-page-background-enabled":"default","ast-page-background-meta":{"desktop":{"background-color":"var(--ast-global-color-4)","background-image":"","background-repeat":"repeat","background-position":"center center","background-size":"auto","background-attachment":"scroll","background-type":"","background-media":"","overlay-type":"","overlay-color":"","overlay-opacity":"","overlay-gradient":""},"tablet":{"background-color":"","background-image":"","background-repeat":"repeat","background-position":"center center","background-size":"auto","background-attachment":"scroll","background-type":"","background-media":"","overlay-type":"","overlay-color":"","overlay-opacity":"","overlay-gradient":""},"mobile":{"background-color":"","background-image":"","background-repeat":"repeat","background-position":"center center","background-size":"auto","background-attachment":"scroll","background-type":"","background-media":"","overlay-type":"","overlay-color":"","overlay-opacity":"","overlay-gradient":""}},"ast-content-background-meta":{"desktop":{"background-color":"var(--ast-global-color-5)","background-image":"","background-repeat":"repeat","background-position":"center center","background-size":"auto","background-attachment":"scroll","background-type":"","background-media":"","overlay-type":"","overlay-color":"","overlay-opacity":"","overlay-gradient":""},"tablet":{"background-color":"var(--ast-global-color-5)","background-image":"","background-repeat":"repeat","background-position":"center center","background-size":"auto","background-attachment":"scroll","background-type":"","background-media":"","overlay-type":"","overlay-color":"","overlay-opacity":"","overlay-gradient":""},"mobile":{"background-color":"var(--ast-global-color-5)","background-image":"","background-repeat":"repeat","background-position":"center center","background-size":"auto","background-attachment":"scroll","background-type":"","background-media":"","overlay-type":"","overlay-color":"","overlay-opacity":"","overlay-gradient":""}},"footnotes":""},"class_list":["post-2264","page","type-page","status-publish","hentry"],"_links":{"self":[{"href":"https:\/\/klarum24.de\/en\/wp-json\/wp\/v2\/pages\/2264","targetHints":{"allow":["GET"]}}],"collection":[{"href":"https:\/\/klarum24.de\/en\/wp-json\/wp\/v2\/pages"}],"about":[{"href":"https:\/\/klarum24.de\/en\/wp-json\/wp\/v2\/types\/page"}],"author":[{"embeddable":true,"href":"https:\/\/klarum24.de\/en\/wp-json\/wp\/v2\/users\/1"}],"replies":[{"embeddable":true,"href":"https:\/\/klarum24.de\/en\/wp-json\/wp\/v2\/comments?post=2264"}],"version-history":[{"count":34,"href":"https:\/\/klarum24.de\/en\/wp-json\/wp\/v2\/pages\/2264\/revisions"}],"predecessor-version":[{"id":2705,"href":"https:\/\/klarum24.de\/en\/wp-json\/wp\/v2\/pages\/2264\/revisions\/2705"}],"wp:attachment":[{"href":"https:\/\/klarum24.de\/en\/wp-json\/wp\/v2\/media?parent=2264"}],"curies":[{"name":"wp","href":"https:\/\/api.w.org\/{rel}","templated":true}]}}