{"id":2272,"date":"2026-02-08T12:36:26","date_gmt":"2026-02-08T12:36:26","guid":{"rendered":"https:\/\/klarum24.de\/?page_id=2272"},"modified":"2026-02-13T12:39:40","modified_gmt":"2026-02-13T12:39:40","slug":"household-clearance","status":"publish","type":"page","link":"https:\/\/klarum24.de\/en\/household-clearance\/","title":{"rendered":"Haushaltsaufl\u00f6sung"},"content":{"rendered":"<div data-elementor-type=\"wp-page\" data-elementor-id=\"2272\" class=\"elementor elementor-2272\">\n\t\t\t\t<div class=\"elementor-element elementor-element-36aacc57 e-grid e-con-boxed e-con e-parent\" data-id=\"36aacc57\" data-element_type=\"container\" data-e-type=\"container\">\n\t\t\t\t\t<div class=\"e-con-inner\">\n\t\t\t\t<div class=\"elementor-element elementor-element-5e502b8d elementor-widget elementor-widget-image\" data-id=\"5e502b8d\" data-element_type=\"widget\" data-e-type=\"widget\" data-widget_type=\"image.default\">\n\t\t\t\t<div class=\"elementor-widget-container\">\n\t\t\t\t\t\t\t\t\t\t\t\t\t\t\t<img fetchpriority=\"high\" decoding=\"async\" width=\"1024\" height=\"683\" src=\"https:\/\/klarum24.de\/wp-content\/uploads\/2026\/02\/pexels-photo-9222613-9222613-1024x683.jpg\" class=\"attachment-large size-large wp-image-2182\" alt=\"Sanitation worker in orange overalls holding blue trash bags indoors for waste management.\" srcset=\"https:\/\/klarum24.de\/wp-content\/uploads\/2026\/02\/pexels-photo-9222613-9222613-1024x683.jpg 1024w, https:\/\/klarum24.de\/wp-content\/uploads\/2026\/02\/pexels-photo-9222613-9222613-300x200.jpg 300w, https:\/\/klarum24.de\/wp-content\/uploads\/2026\/02\/pexels-photo-9222613-9222613-768x512.jpg 768w, https:\/\/klarum24.de\/wp-content\/uploads\/2026\/02\/pexels-photo-9222613-9222613-1536x1024.jpg 1536w, https:\/\/klarum24.de\/wp-content\/uploads\/2026\/02\/pexels-photo-9222613-9222613-2048x1365.jpg 2048w\" sizes=\"(max-width: 1024px) 100vw, 1024px\" title=\"Haushaltsaufl\u00f6sung\">\t\t\t\t\t\t\t\t\t\t\t\t\t\t\t<\/div>\n\t\t\t\t<\/div>\n\t\t\t\t<div class=\"elementor-element elementor-element-567a52f3 elementor-widget elementor-widget-text-editor\" data-id=\"567a52f3\" data-element_type=\"widget\" data-e-type=\"widget\" data-widget_type=\"text-editor.default\">\n\t\t\t\t<div class=\"elementor-widget-container\">\n\t\t\t\t\t\t\t\t\t<h3 data-start=\"270\" data-end=\"300\"><span style=\"color: #174216;\"><strong data-start=\"278\" data-end=\"300\">Household Clearence<\/strong><\/span><\/h3><h3 data-start=\"302\" data-end=\"368\"><span style=\"color: #174216;\"><strong data-start=\"306\" data-end=\"368\">Clear, reliable household clearance for apartments and houses<\/strong><\/span><\/h3><p data-start=\"370\" data-end=\"635\">We provide complete household clearance for private homes, apartments, and rental properties.<br data-start=\"468\" data-end=\"471\" \/>Whether you are moving out, downsizing, renovating, or handing over a property to a landlord, we take care of the entire process from start to finish.<\/p><p data-start=\"637\" data-end=\"930\">Our team removes furniture, personal belongings, household items, and unwanted contents in an organized and respectful manner. We work efficiently, leave the property clean, and ensure proper disposal or reuse of items wherever possible.<\/p><p data-start=\"932\" data-end=\"1132\">If reusable items are available, we assess them and apply a fair price reduction. This helps lower overall costs while avoiding unnecessary waste.<\/p>\t\t\t\t\t\t\t\t<\/div>\n\t\t\t\t<\/div>\n\t\t\t\t\t<\/div>\n\t\t\t\t<\/div>\n\t\t<div class=\"elementor-element elementor-element-83a4562 e-flex e-con-boxed e-con e-parent\" data-id=\"83a4562\" data-element_type=\"container\" data-e-type=\"container\">\n\t\t\t\t\t<div class=\"e-con-inner\">\n\t\t\t\t<div class=\"elementor-element elementor-element-9fc3817 elementor-widget elementor-widget-button\" data-id=\"9fc3817\" data-element_type=\"widget\" data-e-type=\"widget\" data-widget_type=\"button.default\">\n\t\t\t\t<div class=\"elementor-widget-container\">\n\t\t\t\t\t\t\t\t\t<div class=\"elementor-button-wrapper\">\n\t\t\t\t\t<a class=\"elementor-button elementor-button-link elementor-size-sm\" href=\"https:\/\/klarum24.de\/en\/contact-form\/\">\n\t\t\t\t\t\t<span class=\"elementor-button-content-wrapper\">\n\t\t\t\t\t\t\t\t\t<span class=\"elementor-button-text\">Get a Free Quote<\/span>\n\t\t\t\t\t<\/span>\n\t\t\t\t\t<\/a>\n\t\t\t\t<\/div>\n\t\t\t\t\t\t\t\t<\/div>\n\t\t\t\t<\/div>\n\t\t\t\t\t<\/div>\n\t\t\t\t<\/div>\n\t\t\t\t<\/div>","protected":false},"excerpt":{"rendered":"<p>Haushaltsaufl\u00f6sung Zuverl\u00e4ssige Haushaltsaufl\u00f6sungen f\u00fcr Wohnungen und H\u00e4user Wir bieten komplette Haushaltsaufl\u00f6sungen f\u00fcr private Haushalte, Wohnungen und Mietobjekte an.Ob Auszug, Verkleinerung des Wohnraums, Renovierung oder die \u00dcbergabe einer Immobilie an den Vermieter\u00a0 wir \u00fcbernehmen den gesamten Ablauf von Anfang bis Ende. Unser Team entfernt M\u00f6bel, pers\u00f6nliche Gegenst\u00e4nde, Hausrat und unerw\u00fcnschte Inhalte strukturiert, sorgf\u00e4ltig und respektvoll. Wir [&hellip;]<\/p>\n","protected":false},"author":1,"featured_media":0,"parent":0,"menu_order":0,"comment_status":"closed","ping_status":"closed","template":"","meta":{"site-sidebar-layout":"no-sidebar","site-content-layout":"page-builder","ast-site-content-layout":"full-width-container","site-content-style":"default","site-sidebar-style":"default","ast-global-header-display":"","ast-banner-title-visibility":"","ast-main-header-display":"","ast-hfb-above-header-display":"","ast-hfb-below-header-display":"","ast-hfb-mobile-header-display":"","site-post-title":"disabled","ast-breadcrumbs-content":"","ast-featured-img":"disabled","footer-sml-layout":"","ast-disable-related-posts":"","theme-transparent-header-meta":"","adv-header-id-meta":"","stick-header-meta":"","header-above-stick-meta":"","header-main-stick-meta":"","header-below-stick-meta":"","astra-migrate-meta-layouts":"default","ast-page-background-enabled":"default","ast-page-background-meta":{"desktop":{"background-color":"var(--ast-global-color-4)","background-image":"","background-repeat":"repeat","background-position":"center center","background-size":"auto","background-attachment":"scroll","background-type":"","background-media":"","overlay-type":"","overlay-color":"","overlay-opacity":"","overlay-gradient":""},"tablet":{"background-color":"","background-image":"","background-repeat":"repeat","background-position":"center center","background-size":"auto","background-attachment":"scroll","background-type":"","background-media":"","overlay-type":"","overlay-color":"","overlay-opacity":"","overlay-gradient":""},"mobile":{"background-color":"","background-image":"","background-repeat":"repeat","background-position":"center center","background-size":"auto","background-attachment":"scroll","background-type":"","background-media":"","overlay-type":"","overlay-color":"","overlay-opacity":"","overlay-gradient":""}},"ast-content-background-meta":{"desktop":{"background-color":"var(--ast-global-color-5)","background-image":"","background-repeat":"repeat","background-position":"center center","background-size":"auto","background-attachment":"scroll","background-type":"","background-media":"","overlay-type":"","overlay-color":"","overlay-opacity":"","overlay-gradient":""},"tablet":{"background-color":"var(--ast-global-color-5)","background-image":"","background-repeat":"repeat","background-position":"center center","background-size":"auto","background-attachment":"scroll","background-type":"","background-media":"","overlay-type":"","overlay-color":"","overlay-opacity":"","overlay-gradient":""},"mobile":{"background-color":"var(--ast-global-color-5)","background-image":"","background-repeat":"repeat","background-position":"center center","background-size":"auto","background-attachment":"scroll","background-type":"","background-media":"","overlay-type":"","overlay-color":"","overlay-opacity":"","overlay-gradient":""}},"footnotes":""},"class_list":["post-2272","page","type-page","status-publish","hentry"],"_links":{"self":[{"href":"https:\/\/klarum24.de\/en\/wp-json\/wp\/v2\/pages\/2272","targetHints":{"allow":["GET"]}}],"collection":[{"href":"https:\/\/klarum24.de\/en\/wp-json\/wp\/v2\/pages"}],"about":[{"href":"https:\/\/klarum24.de\/en\/wp-json\/wp\/v2\/types\/page"}],"author":[{"embeddable":true,"href":"https:\/\/klarum24.de\/en\/wp-json\/wp\/v2\/users\/1"}],"replies":[{"embeddable":true,"href":"https:\/\/klarum24.de\/en\/wp-json\/wp\/v2\/comments?post=2272"}],"version-history":[{"count":34,"href":"https:\/\/klarum24.de\/en\/wp-json\/wp\/v2\/pages\/2272\/revisions"}],"predecessor-version":[{"id":2757,"href":"https:\/\/klarum24.de\/en\/wp-json\/wp\/v2\/pages\/2272\/revisions\/2757"}],"wp:attachment":[{"href":"https:\/\/klarum24.de\/en\/wp-json\/wp\/v2\/media?parent=2272"}],"curies":[{"name":"wp","href":"https:\/\/api.w.org\/{rel}","templated":true}]}}